{"id":147,"date":"2024-06-04T19:17:57","date_gmt":"2024-06-04T17:17:57","guid":{"rendered":"https:\/\/magic-moonie.com\/?page_id=147"},"modified":"2024-07-20T14:57:44","modified_gmt":"2024-07-20T12:57:44","slug":"soins-services","status":"publish","type":"page","link":"https:\/\/magic-moonie.com\/index.php\/soins-services\/","title":{"rendered":"Soins &#038; Services"},"content":{"rendered":"\n<p>Au cabinet Magic-Monnie, diff\u00e9rents soins sont propos\u00e9s. Les soins \u00e9nerg\u00e9tiques dans l&rsquo;enseignement de la m\u00e9decine du Reiki mais \u00e9galement des tirages de Tarot. <\/p>\n\n\n\n<p>Tous les mois, plusieurs cercles et ateliers sont \u00e9galement organis\u00e9s. Vous pourrez retrouver ces \u00e9v\u00e9nements dans la rubrique <a href=\"https:\/\/magic-moonie.com\/index.php\/agenda\/\" title=\"Agenda\">Agenda<\/a>. <\/p>\n\n\n\n<figure class=\"wp-block-gallery has-nested-images columns-default is-cropped wp-block-gallery-1 is-layout-flex wp-block-gallery-is-layout-flex\">\n<figure class=\"wp-block-image size-large is-style-rounded\"><img loading=\"lazy\" decoding=\"async\" width=\"1920\" height=\"2560\" data-id=\"170\" src=\"https:\/\/magic-moonie.com\/wp-content\/uploads\/2024\/07\/IMG_6397-scaled.jpg\" alt=\"\" class=\"wp-image-170\" srcset=\"https:\/\/magic-moonie.com\/wp-content\/uploads\/2024\/07\/IMG_6397-scaled.jpg 1920w, https:\/\/magic-moonie.com\/wp-content\/uploads\/2024\/07\/IMG_6397-225x300.jpg 225w\" sizes=\"(max-width: 1920px) 100vw, 1920px\" \/><\/figure>\n\n\n\n<figure class=\"wp-block-image size-large is-style-rounded\"><img loading=\"lazy\" decoding=\"async\" width=\"768\" height=\"1024\" data-id=\"172\" src=\"https:\/\/magic-moonie.com\/wp-content\/uploads\/2024\/07\/IMG_6395-768x1024.jpg\" alt=\"\" class=\"wp-image-172\" srcset=\"https:\/\/magic-moonie.com\/wp-content\/uploads\/2024\/07\/IMG_6395-768x1024.jpg 768w, https:\/\/magic-moonie.com\/wp-content\/uploads\/2024\/07\/IMG_6395-225x300.jpg 225w, https:\/\/magic-moonie.com\/wp-content\/uploads\/2024\/07\/IMG_6395-1152x1536.jpg 1152w, https:\/\/magic-moonie.com\/wp-content\/uploads\/2024\/07\/IMG_6395-1536x2048.jpg 1536w, https:\/\/magic-moonie.com\/wp-content\/uploads\/2024\/07\/IMG_6395-1140x1520.jpg 1140w, https:\/\/magic-moonie.com\/wp-content\/uploads\/2024\/07\/IMG_6395-scaled.jpg 1920w\" sizes=\"(max-width: 768px) 100vw, 768px\" \/><\/figure>\n\n\n\n<figure class=\"wp-block-image size-large is-style-rounded\"><img loading=\"lazy\" decoding=\"async\" width=\"1920\" height=\"2560\" data-id=\"174\" src=\"https:\/\/magic-moonie.com\/wp-content\/uploads\/2024\/07\/IMG_4366-scaled.jpg\" alt=\"\" class=\"wp-image-174\" srcset=\"https:\/\/magic-moonie.com\/wp-content\/uploads\/2024\/07\/IMG_4366-scaled.jpg 1920w, https:\/\/magic-moonie.com\/wp-content\/uploads\/2024\/07\/IMG_4366-225x300.jpg 225w\" sizes=\"(max-width: 1920px) 100vw, 1920px\" \/><\/figure>\n\n\n\n<figure class=\"wp-block-image size-large is-style-rounded\"><img loading=\"lazy\" decoding=\"async\" width=\"768\" height=\"1024\" data-id=\"173\" src=\"https:\/\/magic-moonie.com\/wp-content\/uploads\/2024\/07\/IMG_4403-768x1024.jpg\" alt=\"\" class=\"wp-image-173\" srcset=\"https:\/\/magic-moonie.com\/wp-content\/uploads\/2024\/07\/IMG_4403-768x1024.jpg 768w, https:\/\/magic-moonie.com\/wp-content\/uploads\/2024\/07\/IMG_4403-225x300.jpg 225w, https:\/\/magic-moonie.com\/wp-content\/uploads\/2024\/07\/IMG_4403-scaled.jpg 1920w\" sizes=\"(max-width: 768px) 100vw, 768px\" \/><\/figure>\n\n\n\n<figure class=\"wp-block-image size-large is-style-rounded\"><img loading=\"lazy\" decoding=\"async\" width=\"768\" height=\"1024\" data-id=\"177\" src=\"https:\/\/magic-moonie.com\/wp-content\/uploads\/2024\/07\/IMG_4363-1-768x1024.jpg\" alt=\"\" class=\"wp-image-177\" srcset=\"https:\/\/magic-moonie.com\/wp-content\/uploads\/2024\/07\/IMG_4363-1-768x1024.jpg 768w, https:\/\/magic-moonie.com\/wp-content\/uploads\/2024\/07\/IMG_4363-1-225x300.jpg 225w, https:\/\/magic-moonie.com\/wp-content\/uploads\/2024\/07\/IMG_4363-1-1152x1536.jpg 1152w, https:\/\/magic-moonie.com\/wp-content\/uploads\/2024\/07\/IMG_4363-1-1536x2048.jpg 1536w, https:\/\/magic-moonie.com\/wp-content\/uploads\/2024\/07\/IMG_4363-1-1140x1520.jpg 1140w, https:\/\/magic-moonie.com\/wp-content\/uploads\/2024\/07\/IMG_4363-1-scaled.jpg 1920w\" sizes=\"(max-width: 768px) 100vw, 768px\" \/><\/figure>\n<\/figure>\n","protected":false},"excerpt":{"rendered":"<p>Au cabinet Magic-Monnie, diff\u00e9rents soins sont propos\u00e9s. Les soins \u00e9nerg\u00e9tiques dans l&rsquo;enseignement de la m\u00e9decine du Reiki mais \u00e9galement des tirages de Tarot. Tous les mois, plusieurs cercles et ateliers sont \u00e9galement organis\u00e9s. Vous pourrez retrouver ces \u00e9v\u00e9nements dans la rubrique Agenda.<\/p>\n","protected":false},"author":1,"featured_media":0,"parent":0,"menu_order":0,"comment_status":"closed","ping_status":"closed","template":"","meta":{"_monsterinsights_skip_tracking":false,"_monsterinsights_sitenote_active":false,"_monsterinsights_sitenote_note":"","_monsterinsights_sitenote_category":0,"footnotes":""},"aioseo_notices":[],"_links":{"self":[{"href":"https:\/\/magic-moonie.com\/index.php\/wp-json\/wp\/v2\/pages\/147"}],"collection":[{"href":"https:\/\/magic-moonie.com\/index.php\/wp-json\/wp\/v2\/pages"}],"about":[{"href":"https:\/\/magic-moonie.com\/index.php\/wp-json\/wp\/v2\/types\/page"}],"author":[{"embeddable":true,"href":"https:\/\/magic-moonie.com\/index.php\/wp-json\/wp\/v2\/users\/1"}],"replies":[{"embeddable":true,"href":"https:\/\/magic-moonie.com\/index.php\/wp-json\/wp\/v2\/comments?post=147"}],"version-history":[{"count":4,"href":"https:\/\/magic-moonie.com\/index.php\/wp-json\/wp\/v2\/pages\/147\/revisions"}],"predecessor-version":[{"id":188,"href":"https:\/\/magic-moonie.com\/index.php\/wp-json\/wp\/v2\/pages\/147\/revisions\/188"}],"wp:attachment":[{"href":"https:\/\/magic-moonie.com\/index.php\/wp-json\/wp\/v2\/media?parent=147"}],"curies":[{"name":"wp","href":"https:\/\/api.w.org\/{rel}","templated":true}]}}