{"id":17,"date":"2024-06-04T19:11:48","date_gmt":"2024-06-04T17:11:48","guid":{"rendered":"https:\/\/magic-moonie.com\/?page_id=17"},"modified":"2024-06-04T19:13:17","modified_gmt":"2024-06-04T17:13:17","slug":"contact","status":"publish","type":"page","link":"https:\/\/magic-moonie.com\/index.php\/contact\/","title":{"rendered":"Contact"},"content":{"rendered":"\n<div class=\"wp-block-columns alignfull is-layout-flex wp-container-core-columns-layout-2 wp-block-columns-is-layout-flex\">\n<div class=\"wp-block-column is-layout-flow wp-block-column-is-layout-flow\">\n<div class=\"wp-block-columns is-layout-flex wp-container-core-columns-layout-1 wp-block-columns-is-layout-flex\">\n<div class=\"wp-block-column is-layout-flow wp-block-column-is-layout-flow\" style=\"flex-basis:100%\">\n<div class=\"wp-block-group is-layout-constrained wp-block-group-is-layout-constrained\"><div class=\"wp-block-group__inner-container\">\n<h2 class=\"wp-block-heading\">Comment prendre rendez-vous ? <\/h2>\n\n\n\n<p>Que ce soit pour un soin \u00e9nerg\u00e9tique ou pour un tirage n&rsquo;h\u00e9sitez pas \u00e0 me contacter par mail : <\/p>\n\n\n\n<p>Sasha.lacroix@hotmail.com ou via t\u00e9l\u00e9phone au 0460979387<\/p>\n\n\n\n<p><\/p>\n<\/div><\/div>\n<\/div>\n<\/div>\n<\/div>\n<\/div>\n","protected":false},"excerpt":{"rendered":"<p>Comment prendre rendez-vous ? Que ce soit pour un soin \u00e9nerg\u00e9tique ou pour un tirage n&rsquo;h\u00e9sitez pas \u00e0 me contacter par mail : Sasha.lacroix@hotmail.com ou via t\u00e9l\u00e9phone au 0460979387<\/p>\n","protected":false},"author":1,"featured_media":138,"parent":0,"menu_order":0,"comment_status":"closed","ping_status":"closed","template":"","meta":{"_monsterinsights_skip_tracking":false,"_monsterinsights_sitenote_active":false,"_monsterinsights_sitenote_note":"","_monsterinsights_sitenote_category":0,"footnotes":""},"aioseo_notices":[],"_links":{"self":[{"href":"https:\/\/magic-moonie.com\/index.php\/wp-json\/wp\/v2\/pages\/17"}],"collection":[{"href":"https:\/\/magic-moonie.com\/index.php\/wp-json\/wp\/v2\/pages"}],"about":[{"href":"https:\/\/magic-moonie.com\/index.php\/wp-json\/wp\/v2\/types\/page"}],"author":[{"embeddable":true,"href":"https:\/\/magic-moonie.com\/index.php\/wp-json\/wp\/v2\/users\/1"}],"replies":[{"embeddable":true,"href":"https:\/\/magic-moonie.com\/index.php\/wp-json\/wp\/v2\/comments?post=17"}],"version-history":[{"count":5,"href":"https:\/\/magic-moonie.com\/index.php\/wp-json\/wp\/v2\/pages\/17\/revisions"}],"predecessor-version":[{"id":141,"href":"https:\/\/magic-moonie.com\/index.php\/wp-json\/wp\/v2\/pages\/17\/revisions\/141"}],"wp:featuredmedia":[{"embeddable":true,"href":"https:\/\/magic-moonie.com\/index.php\/wp-json\/wp\/v2\/media\/138"}],"wp:attachment":[{"href":"https:\/\/magic-moonie.com\/index.php\/wp-json\/wp\/v2\/media?parent=17"}],"curies":[{"name":"wp","href":"https:\/\/api.w.org\/{rel}","templated":true}]}}