{"id":80,"date":"2024-03-30T11:41:45","date_gmt":"2024-03-30T10:41:45","guid":{"rendered":"https:\/\/magic-moonie.com\/?page_id=80"},"modified":"2024-06-04T19:16:59","modified_gmt":"2024-06-04T17:16:59","slug":"accueil","status":"publish","type":"page","link":"https:\/\/magic-moonie.com\/","title":{"rendered":"Bienvenue dans votre nouveau safe place."},"content":{"rendered":"\n<p class=\"has-text-align-left\"><br>Magic-moonie est n\u00e9e de ma volont\u00e9 de mettre mon \u00e9nergie au service de celle qui nous unit tous, l&rsquo;universelle. Passionn\u00e9e d&rsquo;\u00e9soth\u00e9risme, de croissance spirituelle, d&rsquo;astrologie, de d\u00e9veloppement personnel, j&rsquo;ai d\u00e9cid\u00e9 d&rsquo;enfin me tourner vers ce qui m&rsquo;anime profond\u00e9ment : cultiver l&rsquo;humilit\u00e9 par dessus l&rsquo;\u00e9go. Magic-moonie c&rsquo;est mon Poudlard \u00e0 moi, c&rsquo;est une tr\u00eave dans la routine grise et \u00e9gocentr\u00e9e, c&rsquo;est mon invitation \u00e0 vous rencontrer sur un nouveau plan, dans une vibration plus \u00e9lev\u00e9e et dans la lumi\u00e8re. <\/p>\n\n\n\n<blockquote class=\"wp-block-quote\">\n<p>\u00ab\u00a0Que ta lumi\u00e8re int\u00e9rieure brille si fort, qu&rsquo;elle illumine les autres\u00a0\u00bb <\/p>\n<\/blockquote>\n\n\n\n<p>La lumi\u00e8re, je l&rsquo;admire, je la travaille et j&rsquo;essaye de l&rsquo;attirer sur mes parts d&rsquo;ombre. Je sais que l\u00e0 o\u00f9 la lumi\u00e8re est plus dense, l&rsquo;ombre l&rsquo;est aussi. Voil\u00e0 pourquoi je suis passionn\u00e9e part cette facult\u00e9 qu&rsquo;a l&rsquo;humain de mener un combat quotidien \u00e0 ses ombres. Voici donc mon invitation \u00e0 l\u00e2cher prise en l\u00e2chant vos armes. Ici et maintenant. <\/p>\n\n\n\n<p><\/p>\n","protected":false},"excerpt":{"rendered":"<p>Magic-moonie est n\u00e9e de ma volont\u00e9 de mettre mon \u00e9nergie au service de celle qui nous unit tous, l&rsquo;universelle. Passionn\u00e9e d&rsquo;\u00e9soth\u00e9risme, de croissance spirituelle, d&rsquo;astrologie, de d\u00e9veloppement personnel, j&rsquo;ai d\u00e9cid\u00e9 d&rsquo;enfin me tourner vers ce qui m&rsquo;anime profond\u00e9ment : cultiver l&rsquo;humilit\u00e9 par dessus l&rsquo;\u00e9go. Magic-moonie c&rsquo;est mon Poudlard \u00e0 moi, c&rsquo;est une tr\u00eave dans la routine grise et \u00e9gocentr\u00e9e, c&rsquo;est mon invitation \u00e0 vous rencontrer sur un nouveau plan, dans une vibration plus \u00e9lev\u00e9e et dans la lumi\u00e8re. \u00ab\u00a0Que ta lumi\u00e8re int\u00e9rieure brille si fort, qu&rsquo;elle illumine les autres\u00a0\u00bb La lumi\u00e8re, je l&rsquo;admire, je la travaille et j&rsquo;essaye de l&rsquo;attirer sur mes parts d&rsquo;ombre. Je sais que l\u00e0 o\u00f9 la lumi\u00e8re est plus dense, l&rsquo;ombre l&rsquo;est aussi. Voil\u00e0 pourquoi je suis passionn\u00e9e part cette facult\u00e9 qu&rsquo;a l&rsquo;humain de mener un combat quotidien \u00e0 ses ombres. Voici donc mon invitation \u00e0 l\u00e2cher prise en l\u00e2chant vos armes. Ici et maintenant.<\/p>\n","protected":false},"author":1,"featured_media":0,"parent":0,"menu_order":0,"comment_status":"closed","ping_status":"closed","template":"","meta":{"_monsterinsights_skip_tracking":false,"_monsterinsights_sitenote_active":false,"_monsterinsights_sitenote_note":"","_monsterinsights_sitenote_category":0,"footnotes":""},"aioseo_notices":[],"_links":{"self":[{"href":"https:\/\/magic-moonie.com\/index.php\/wp-json\/wp\/v2\/pages\/80"}],"collection":[{"href":"https:\/\/magic-moonie.com\/index.php\/wp-json\/wp\/v2\/pages"}],"about":[{"href":"https:\/\/magic-moonie.com\/index.php\/wp-json\/wp\/v2\/types\/page"}],"author":[{"embeddable":true,"href":"https:\/\/magic-moonie.com\/index.php\/wp-json\/wp\/v2\/users\/1"}],"replies":[{"embeddable":true,"href":"https:\/\/magic-moonie.com\/index.php\/wp-json\/wp\/v2\/comments?post=80"}],"version-history":[{"count":9,"href":"https:\/\/magic-moonie.com\/index.php\/wp-json\/wp\/v2\/pages\/80\/revisions"}],"predecessor-version":[{"id":130,"href":"https:\/\/magic-moonie.com\/index.php\/wp-json\/wp\/v2\/pages\/80\/revisions\/130"}],"wp:attachment":[{"href":"https:\/\/magic-moonie.com\/index.php\/wp-json\/wp\/v2\/media?parent=80"}],"curies":[{"name":"wp","href":"https:\/\/api.w.org\/{rel}","templated":true}]}}